{"id":10389,"date":"2022-06-03T17:08:19","date_gmt":"2022-06-03T15:08:19","guid":{"rendered":"https:\/\/www.bokshop.lu.se\/?post_type=product&#038;p=10389"},"modified":"2022-10-20T11:44:00","modified_gmt":"2022-10-20T09:44:00","slug":"om-kandisjournalistik","status":"publish","type":"product","link":"https:\/\/www.bokshop.lu.se\/en\/produkt\/om-kandisjournalistik\/","title":{"rendered":"Om k\u00e4ndisjournalistik"},"content":{"rendered":"<p>Att vara k\u00e4ndis \u00e4r inte n\u00e5got man f\u00f6ds till, det \u00e4r n\u00e5gonting man blir. Men vilken roll spelar egentligen journalistiken i konstruktionen av k\u00e4ndisskap?<\/p>\n<p>Med utg\u00e5ngspunkt i tv\u00e5 k\u00e4nda svenskars karri\u00e4rer analyseras konstruktionen av celebriteter i sk\u00e4rningspunkten mellan journalister, publiker och k\u00e4ndisen sj\u00e4lv. Utifr\u00e5n en n\u00e4rl\u00e4sning av texter fr\u00e5n den svenska pressen blottl\u00e4gger avhandlingen strategier och praktiker som f\u00f6rvandlar en ok\u00e4nd person till k\u00e4ndis.<\/p>\n<p>Michael R\u00fcbsamen \u00e4r medievetare, verksam vid Institutionen f\u00f6r Kommunikation och Medier vid Lunds universitet. \u2022\u009dOm k\u00e4ndisjournalistik\u2022\u009d \u00e4r hans doktorsavhandling.<\/p>\n","protected":false},"excerpt":{"rendered":"<p>Att vara k\u00e4ndis \u00e4r inte n\u00e5got man f\u00f6ds till, det \u00e4r n\u00e5gonting man blir. Men vilken roll spelar egentligen journalistiken i konstruktionen av k\u00e4ndisskap? Med utg\u00e5ngspunkt i tv\u00e5 k\u00e4nda svenskars karri\u00e4rer analyseras konstruktionen av celebriteter i sk\u00e4rningspunkten mellan journalister, publiker och k\u00e4ndisen sj\u00e4lv. Utifr\u00e5n en n\u00e4rl\u00e4sning av texter fr\u00e5n den svenska pressen blottl\u00e4gger avhandlingen strategier [&hellip;]<\/p>\n","protected":false},"featured_media":10391,"template":"","meta":{"_acf_changed":false,"_relevanssi_hide_post":"","_relevanssi_hide_content":"","_relevanssi_pin_for_all":"","_relevanssi_pin_keywords":"","_relevanssi_unpin_keywords":"","_relevanssi_related_keywords":"","_relevanssi_related_include_ids":"","_relevanssi_related_exclude_ids":"","_relevanssi_related_no_append":"","_relevanssi_related_not_related":"","_relevanssi_related_posts":"","_relevanssi_noindex_reason":""},"product_brand":[],"product_cat":[204],"product_tag":[],"class_list":{"0":"post-10389","1":"product","2":"type-product","3":"status-publish","4":"has-post-thumbnail","6":"product_cat-lund-studies-in-media-and-communication-media-and-communicationscience","8":"first","9":"instock","10":"taxable","11":"shipping-taxable","12":"purchasable","13":"product-type-simple"},"acf":[],"_links":{"self":[{"href":"https:\/\/www.bokshop.lu.se\/en\/wp-json\/wp\/v2\/product\/10389","targetHints":{"allow":["GET"]}}],"collection":[{"href":"https:\/\/www.bokshop.lu.se\/en\/wp-json\/wp\/v2\/product"}],"about":[{"href":"https:\/\/www.bokshop.lu.se\/en\/wp-json\/wp\/v2\/types\/product"}],"wp:featuredmedia":[{"embeddable":true,"href":"https:\/\/www.bokshop.lu.se\/en\/wp-json\/wp\/v2\/media\/10391"}],"wp:attachment":[{"href":"https:\/\/www.bokshop.lu.se\/en\/wp-json\/wp\/v2\/media?parent=10389"}],"wp:term":[{"taxonomy":"product_brand","embeddable":true,"href":"https:\/\/www.bokshop.lu.se\/en\/wp-json\/wp\/v2\/product_brand?post=10389"},{"taxonomy":"product_cat","embeddable":true,"href":"https:\/\/www.bokshop.lu.se\/en\/wp-json\/wp\/v2\/product_cat?post=10389"},{"taxonomy":"product_tag","embeddable":true,"href":"https:\/\/www.bokshop.lu.se\/en\/wp-json\/wp\/v2\/product_tag?post=10389"}],"curies":[{"name":"wp","href":"https:\/\/api.w.org\/{rel}","templated":true}]}}