{"id":10380,"date":"2022-06-03T16:59:26","date_gmt":"2022-06-03T13:23:19","guid":{"rendered":"https:\/\/www.bokshop.lu.se\/?post_type=product&#038;p=10380"},"modified":"2022-06-03T17:10:40","modified_gmt":"2022-06-03T15:10:40","slug":"krankning-och-upprattelse-2","status":"publish","type":"product","link":"https:\/\/www.bokshop.lu.se\/en\/produkt\/krankning-och-upprattelse-2\/","title":{"rendered":"Kr\u00e4nkning och uppr\u00e4ttelse"},"content":{"rendered":"<p>Rapporten presenterar ett r\u00e4ttssociologiskt forskningsprojekt som haft arbetstiteln \u2022\u009dReplika av en r\u00e4ttssociologisk unders\u00f6kning om det allm\u00e4nna r\u00e4ttsmedvetandet och brottsskadeers\u00e4ttningen\u2022\u009d. Att projektet \u00e4r en replika betyder att syftet har varit att g\u00f6ra en uppf\u00f6ljning av ett ursprungligt forskningsprojekt, i det aktuella fallet av tv\u00e5 enk\u00e4tunders\u00f6kningar som presterades i avhandlingen \u2022\u009dKr\u00e4nkning och uppr\u00e4ttelse. En r\u00e4ttssociologisk studie av kr\u00e4nkningsers\u00e4ttning till brottsoffer\u2022\u009d (Dahlstrand, 2012). Det ursprungliga projektet finansierades av Brottsofferfonden och p\u00e5gick 2007\u20132012 medan den replika som presenteras h\u00e4r finansierats av Ulla V Bondesons stiftelse f\u00f6r r\u00e4ttssociologisk och kriminologisk forskning. Avrapporteringen av repikationen g\u00f6rs tio \u00e5r efter det att den ursprungliga studien presenterades. Nu presenteras \u00e4ven en f\u00f6rdjupad analys av svarsm\u00f6nstren utifr\u00e5n k\u00f6n.<br \/>\nDet r\u00e4ttssociologiska kunskapsintresse som motiverar replikan utg\u00e5r fr\u00e5n de teoretiska och praktiska utmaningarna att v\u00e4rdera brottsoffrens kr\u00e4nkningsers\u00e4ttning. Utg\u00e5ngspunkten vid ers\u00e4ttning f\u00f6r kr\u00e4nkning brukar beskrivas som ett angrepp p\u00e5 den skadelidandes personliga integritet, hens privatliv och m\u00e4nniskov\u00e4rde, och vid best\u00e4mmande av kr\u00e4nkningsers\u00e4ttning ska en sk\u00f6nsm\u00e4ssig bed\u00f6mning utifr\u00e5n f\u00f6rh\u00e4rskande etiska och sociala v\u00e4rderingar i samh\u00e4llet g\u00f6ras. Syftet med kr\u00e4nkningsers\u00e4ttningen \u00e4r, f\u00f6renklat uttryckt, att den ska bidra till en k\u00e4nsla av uppr\u00e4ttelse hos brottsoffret, men om niv\u00e5n p\u00e5 ers\u00e4ttningen ligger f\u00f6r l\u00e5ngt fr\u00e5n f\u00f6rv\u00e4ntningarna finns en risk att den ger upphov till sekund\u00e4r viktimisering. Det \u00e4r d\u00e4rf\u00f6r viktigt att ers\u00e4ttningsbeloppet st\u00e5r i proportion till hur allvarlig kr\u00e4nkningen kan anses vara, vilket motiverar den r\u00e4ttssociologiska kunskap som presenteras h\u00e4r. En central fr\u00e5ga vi st\u00e4ller \u00e4r d\u00e4rf\u00f6r: Anser brottsoffer att ers\u00e4ttningen bidrar till en k\u00e4nsla av uppr\u00e4ttelse?<\/p>\n","protected":false},"excerpt":{"rendered":"<p>Rapporten presenterar ett r\u00e4ttssociologiskt forskningsprojekt som haft arbetstiteln \u2022\u009dReplika av en r\u00e4ttssociologisk unders\u00f6kning om det allm\u00e4nna r\u00e4ttsmedvetandet och brottsskadeers\u00e4ttningen\u2022\u009d. Att projektet \u00e4r en replika betyder att syftet har varit att g\u00f6ra en uppf\u00f6ljning av ett ursprungligt forskningsprojekt, i det aktuella fallet av tv\u00e5 enk\u00e4tunders\u00f6kningar som presterades i avhandlingen \u2022\u009dKr\u00e4nkning och uppr\u00e4ttelse. En r\u00e4ttssociologisk studie av [&hellip;]<\/p>\n","protected":false},"featured_media":10382,"template":"","meta":{"_acf_changed":false,"_relevanssi_hide_post":"","_relevanssi_hide_content":"","_relevanssi_pin_for_all":"","_relevanssi_pin_keywords":"","_relevanssi_unpin_keywords":"","_relevanssi_related_keywords":"","_relevanssi_related_include_ids":"","_relevanssi_related_exclude_ids":"","_relevanssi_related_no_append":"","_relevanssi_related_not_related":"","_relevanssi_related_posts":"","_relevanssi_noindex_reason":""},"product_brand":[],"product_cat":[226],"product_tag":[],"class_list":{"0":"post-10380","1":"product","2":"type-product","3":"status-publish","4":"has-post-thumbnail","6":"product_cat-research-report-in-sociology-of-law-sociology-of-law-department","8":"first","9":"instock","10":"taxable","11":"shipping-taxable","12":"purchasable","13":"product-type-simple"},"acf":[],"_links":{"self":[{"href":"https:\/\/www.bokshop.lu.se\/en\/wp-json\/wp\/v2\/product\/10380","targetHints":{"allow":["GET"]}}],"collection":[{"href":"https:\/\/www.bokshop.lu.se\/en\/wp-json\/wp\/v2\/product"}],"about":[{"href":"https:\/\/www.bokshop.lu.se\/en\/wp-json\/wp\/v2\/types\/product"}],"wp:featuredmedia":[{"embeddable":true,"href":"https:\/\/www.bokshop.lu.se\/en\/wp-json\/wp\/v2\/media\/10382"}],"wp:attachment":[{"href":"https:\/\/www.bokshop.lu.se\/en\/wp-json\/wp\/v2\/media?parent=10380"}],"wp:term":[{"taxonomy":"product_brand","embeddable":true,"href":"https:\/\/www.bokshop.lu.se\/en\/wp-json\/wp\/v2\/product_brand?post=10380"},{"taxonomy":"product_cat","embeddable":true,"href":"https:\/\/www.bokshop.lu.se\/en\/wp-json\/wp\/v2\/product_cat?post=10380"},{"taxonomy":"product_tag","embeddable":true,"href":"https:\/\/www.bokshop.lu.se\/en\/wp-json\/wp\/v2\/product_tag?post=10380"}],"curies":[{"name":"wp","href":"https:\/\/api.w.org\/{rel}","templated":true}]}}