{"id":10199,"date":"2022-01-27T08:50:18","date_gmt":"2022-01-27T07:49:15","guid":{"rendered":"https:\/\/www.bokshop.lu.se\/?post_type=product&#038;p=10199"},"modified":"2022-01-27T08:49:15","modified_gmt":"2022-01-27T07:49:15","slug":"tid-for-forandring-det-ar-kant-sedan-gammalt","status":"publish","type":"product","link":"https:\/\/www.bokshop.lu.se\/en\/produkt\/tid-for-forandring-det-ar-kant-sedan-gammalt\/","title":{"rendered":"Tid f\u00f6r f\u00f6r\u00e4ndring &#8211; det \u00e4r k\u00e4nt sedan gammalt"},"content":{"rendered":"<p><span style=\"\" >Det &ouml;vergripande syftet med denna studie har varit att identifiera faktorer som gynnar eller missgynnar f&ouml;ruts&auml;ttningarna f&ouml;r att Malm&ouml; stads verksamheter ska kunna beakta barnkonventionen i sitt arbete. Studiens uppl&auml;gg tar sin utg&aring;ngspunkt i principerna om f&ouml;ljeforskning d&auml;r vi, forskarna, haft &aring;terkommande kontakt med f&ouml;retr&auml;dare f&ouml;r det arbete som unders&ouml;ks i Malm&ouml; stad. <br \/>Resultaten baseras huvudsakligen p&aring; en enk&auml;t genomf&ouml;rd med ett urval av personalen i Malm&ouml; stads f&ouml;rvaltningar. Materialet har med hj&auml;lp av normmodellen tematiseras utifr&aring;n vilja, kunskap och m&ouml;jligheter, d&auml;r faktorer som gynnar eller missgynnar f&ouml;ruts&auml;ttningarna f&ouml;r att beakta barnkonventionen synligg&ouml;rs. <br \/>I rapporten p&aring;visas att det &ouml;verlag finns goda f&ouml;ruts&auml;ttningar att beakta barnkonventionen i Malm&ouml; stads f&ouml;rvaltningar utifr&aring;n den ansvarsk&auml;nsla och vilja att g&ouml;ra s&aring; som framtr&auml;der i resultatet. I rapporten har dock ett antal utmaningar s&aring;som behov av en verksamhetsanpassad utbildning och handledning identifierats. I rapporten diskuteras detta utifr&aring;n perspektivet att det m&aring;ste finnas b&aring;de vilja, kunskap och m&ouml;jligheter f&ouml;r att stadens arbete med barnkonventionen ska n&aring; n&auml;sta niv&aring;, och att det s&aring;lunda &auml;r viktigt att undanr&ouml;ja de hinder som identifierats. F&ouml;r att &ouml;ka m&ouml;jligheterna att i sitt arbete beakta barnkonventioner m&aring;ste insatserna verksamhetsanpassas utifr&aring;n respektive f&ouml;rvaltning. <br \/><\/span><\/p>\n","protected":false},"excerpt":{"rendered":"<p>Det &ouml;vergripande syftet med denna studie har varit att identifiera faktorer som gynnar eller missgynnar f&ouml;ruts&auml;ttningarna f&ouml;r att Malm&ouml; stads verksamheter ska kunna beakta barnkonventionen i sitt arbete. Studiens uppl&auml;gg tar sin utg&aring;ngspunkt i principerna om f&ouml;ljeforskning d&auml;r vi, forskarna, haft &aring;terkommande kontakt med f&ouml;retr&auml;dare f&ouml;r det arbete som unders&ouml;ks i Malm&ouml; stad. Resultaten baseras [&hellip;]<\/p>\n","protected":false},"featured_media":10201,"template":"","meta":{"_acf_changed":false,"_relevanssi_hide_post":"","_relevanssi_hide_content":"","_relevanssi_pin_for_all":"","_relevanssi_pin_keywords":"","_relevanssi_unpin_keywords":"","_relevanssi_related_keywords":"","_relevanssi_related_include_ids":"","_relevanssi_related_exclude_ids":"","_relevanssi_related_no_append":"","_relevanssi_related_not_related":"","_relevanssi_related_posts":"","_relevanssi_noindex_reason":""},"product_brand":[],"product_cat":[226],"product_tag":[],"class_list":{"0":"post-10199","1":"product","2":"type-product","3":"status-publish","4":"has-post-thumbnail","6":"product_cat-research-report-in-sociology-of-law-sociology-of-law-department","8":"first","9":"instock","10":"taxable","11":"shipping-taxable","12":"purchasable","13":"product-type-simple"},"acf":[],"_links":{"self":[{"href":"https:\/\/www.bokshop.lu.se\/en\/wp-json\/wp\/v2\/product\/10199","targetHints":{"allow":["GET"]}}],"collection":[{"href":"https:\/\/www.bokshop.lu.se\/en\/wp-json\/wp\/v2\/product"}],"about":[{"href":"https:\/\/www.bokshop.lu.se\/en\/wp-json\/wp\/v2\/types\/product"}],"wp:featuredmedia":[{"embeddable":true,"href":"https:\/\/www.bokshop.lu.se\/en\/wp-json\/wp\/v2\/media\/10201"}],"wp:attachment":[{"href":"https:\/\/www.bokshop.lu.se\/en\/wp-json\/wp\/v2\/media?parent=10199"}],"wp:term":[{"taxonomy":"product_brand","embeddable":true,"href":"https:\/\/www.bokshop.lu.se\/en\/wp-json\/wp\/v2\/product_brand?post=10199"},{"taxonomy":"product_cat","embeddable":true,"href":"https:\/\/www.bokshop.lu.se\/en\/wp-json\/wp\/v2\/product_cat?post=10199"},{"taxonomy":"product_tag","embeddable":true,"href":"https:\/\/www.bokshop.lu.se\/en\/wp-json\/wp\/v2\/product_tag?post=10199"}],"curies":[{"name":"wp","href":"https:\/\/api.w.org\/{rel}","templated":true}]}}