{"id":10147,"date":"2021-10-06T09:28:07","date_gmt":"2021-10-06T07:27:26","guid":{"rendered":"https:\/\/www.bokshop.lu.se\/?post_type=product&#038;p=10147"},"modified":"2021-10-06T09:27:26","modified_gmt":"2021-10-06T07:27:26","slug":"samhallet-sett-genom-en-skandaltidnings-forstoringsglas-under-slutet-av-1880-talet-i-malmo","status":"publish","type":"product","link":"https:\/\/www.bokshop.lu.se\/en\/produkt\/samhallet-sett-genom-en-skandaltidnings-forstoringsglas-under-slutet-av-1880-talet-i-malmo\/","title":{"rendered":"Samh\u00e4llet sett genom en skandaltidnings f\u00f6rstoringsglas under slutet av 1880-talet i Malm\u00f6"},"content":{"rendered":"<p><span style=\"\" >Granskaren, illustrerad veckotidning f&ouml;r sk&auml;mt och allvar \/ &#8230; \/ den s&ouml;ker att b&aring;de roa och gagna sina l&auml;sare med uppsatser af &ouml;msom allvarligt, &ouml;msom sk&auml;mtsamt inneh&aring;ll. Dess stora spridning torde vara bevis p&aring; att den gjort n&aring;got gagn i kampen mot det ruttna samh&auml;llet. Den har ingen politisk f&auml;rg, men naturligtvis hyllar den fram&aring;tskridande, som den anses b&auml;st befr&auml;mjas genom att blotta kr&auml;ftskadorna, p&aring; det dessa m&aring; kunna l&auml;kas. <br \/>Granskarens redaktion 1889.<br \/><\/span><\/p>\n","protected":false},"excerpt":{"rendered":"<p>Granskaren, illustrerad veckotidning f&ouml;r sk&auml;mt och allvar \/ &#8230; \/ den s&ouml;ker att b&aring;de roa och gagna sina l&auml;sare med uppsatser af &ouml;msom allvarligt, &ouml;msom sk&auml;mtsamt inneh&aring;ll. Dess stora spridning torde vara bevis p&aring; att den gjort n&aring;got gagn i kampen mot det ruttna samh&auml;llet. Den har ingen politisk f&auml;rg, men naturligtvis hyllar den fram&aring;tskridande, [&hellip;]<\/p>\n","protected":false},"featured_media":10149,"template":"","meta":{"_acf_changed":false,"_relevanssi_hide_post":"","_relevanssi_hide_content":"","_relevanssi_pin_for_all":"","_relevanssi_pin_keywords":"","_relevanssi_unpin_keywords":"","_relevanssi_related_keywords":"","_relevanssi_related_include_ids":"","_relevanssi_related_exclude_ids":"","_relevanssi_related_no_append":"","_relevanssi_related_not_related":"","_relevanssi_related_posts":"","_relevanssi_noindex_reason":""},"product_brand":[],"product_cat":[369],"product_tag":[],"class_list":{"0":"post-10147","1":"product","2":"type-product","3":"status-publish","4":"has-post-thumbnail","6":"product_cat-uncategorised","8":"first","9":"instock","10":"taxable","11":"shipping-taxable","12":"purchasable","13":"product-type-simple"},"acf":[],"_links":{"self":[{"href":"https:\/\/www.bokshop.lu.se\/en\/wp-json\/wp\/v2\/product\/10147","targetHints":{"allow":["GET"]}}],"collection":[{"href":"https:\/\/www.bokshop.lu.se\/en\/wp-json\/wp\/v2\/product"}],"about":[{"href":"https:\/\/www.bokshop.lu.se\/en\/wp-json\/wp\/v2\/types\/product"}],"wp:featuredmedia":[{"embeddable":true,"href":"https:\/\/www.bokshop.lu.se\/en\/wp-json\/wp\/v2\/media\/10149"}],"wp:attachment":[{"href":"https:\/\/www.bokshop.lu.se\/en\/wp-json\/wp\/v2\/media?parent=10147"}],"wp:term":[{"taxonomy":"product_brand","embeddable":true,"href":"https:\/\/www.bokshop.lu.se\/en\/wp-json\/wp\/v2\/product_brand?post=10147"},{"taxonomy":"product_cat","embeddable":true,"href":"https:\/\/www.bokshop.lu.se\/en\/wp-json\/wp\/v2\/product_cat?post=10147"},{"taxonomy":"product_tag","embeddable":true,"href":"https:\/\/www.bokshop.lu.se\/en\/wp-json\/wp\/v2\/product_tag?post=10147"}],"curies":[{"name":"wp","href":"https:\/\/api.w.org\/{rel}","templated":true}]}}