{"id":10134,"date":"2021-09-16T12:28:03","date_gmt":"2021-09-16T10:28:03","guid":{"rendered":"https:\/\/www.bokshop.lu.se\/?post_type=product&#038;p=10134"},"modified":"2021-09-16T12:28:03","modified_gmt":"2021-09-16T10:28:03","slug":"brottslingar-av-en-mycket-speciell-sort","status":"publish","type":"product","link":"https:\/\/www.bokshop.lu.se\/en\/produkt\/brottslingar-av-en-mycket-speciell-sort\/","title":{"rendered":"Brottslingar av en mycket speciell sort"},"content":{"rendered":"<p>Vad h\u00e4nder d\u00e5 visselbl\u00e5sare avsl\u00f6jar s\u00e4kerhets- och underr\u00e4ttelsetj\u00e4nstens hemligheter till massmedia? N\u00e4r gr\u00e4vande journalister riktar sitt str\u00e5lkastarljus mot den mest hemliga delen av staten? Vad handlade IB-aff\u00e4ren egentligen om?<\/p>\n<p>Dessa och m\u00e5nga andra fr\u00e5gor f\u00e5r sitt svar i denna doktorsavhandling som empiriskt och teoretiskt unders\u00f6ker de tre spionskandalerna IB-skandalen 1973, The Guardian\u2022\u2122s Snowdenpubliceringar sommaren 2013 samt den danska morgontidningen Politikens publicering i oktober 2016 av reportern Morten Skjoldagers bok Syv \u00e5r for PET \u2013 Jakob Scharfs tid om den f\u00f6re detta PET-chefen Jakob Scharf.<\/p>\n<p>P\u00e5 grund av naturen av den verksamhet som s\u00e4kerhets- och underr\u00e4ttelsetj\u00e4nster bedriver m\u00e5ste dessa institutioner pr\u00e4glas av en mycket l\u00e5g grad av insyn. Samtidigt \u00e4r det ett v\u00e4lk\u00e4nt faktum att s\u00e4kerhets- och underr\u00e4ttelsetj\u00e4nster g\u00e5ng p\u00e5 g\u00e5ng gjort sig skyldiga till maktmissbruk och allvarliga kr\u00e4nkningar av de egna medborgarnas r\u00e4ttigheter. Kan man p\u00e5 n\u00e5got s\u00e4tt kombinera s\u00e4kerhets- och underr\u00e4ttelsetj\u00e4nstens legitima behov av en mycket l\u00e5g grad av insyn med den v\u00e4sterl\u00e4ndska demokratins lika legitima behov av att socialt kontrollera att dessa m\u00e4ktiga och hemlighetsfulla byr\u00e5kratier lever upp till sina juridiska, politiska och moraliska f\u00f6rpliktelser?<\/p>\n<p>Alexandra Franz\u00e9n har bes\u00f6kt arkiven, intervjuat nyckelakt\u00f6rer och unders\u00f6kt domarna fr\u00e5n de m\u00e5nga r\u00e4tteg\u00e5ngarna. I denna avhandling visar hon att nyckeln till dilemmat kring insyn och kontroll \u00e5terfinns i spionskandalen och dess tre akt\u00f6rer: den gr\u00e4vande journalisten, k\u00e4llan respektive den granskade s\u00e4kerhets- eller underr\u00e4ttelsetj\u00e4nsten.<\/p>\n<p>Alexandra Franz\u00e9n \u00e4r verksam vid den Sociologiska institutionen vid Lunds universitet. Brottslingar av en mycket speciell sort utg\u00f6r hennes doktorsavhandling i sociologi.<\/p>\n","protected":false},"excerpt":{"rendered":"<p>Vad h\u00e4nder d\u00e5 visselbl\u00e5sare avsl\u00f6jar s\u00e4kerhets- och underr\u00e4ttelsetj\u00e4nstens hemligheter till massmedia? N\u00e4r gr\u00e4vande journalister riktar sitt str\u00e5lkastarljus mot den mest hemliga delen av staten? Vad handlade IB-aff\u00e4ren egentligen om? Dessa och m\u00e5nga andra fr\u00e5gor f\u00e5r sitt svar i denna doktorsavhandling som empiriskt och teoretiskt unders\u00f6ker de tre spionskandalerna IB-skandalen 1973, The Guardian\u2022\u2122s Snowdenpubliceringar sommaren 2013 [&hellip;]<\/p>\n","protected":false},"featured_media":10136,"template":"","meta":{"_acf_changed":false,"_relevanssi_hide_post":"","_relevanssi_hide_content":"","_relevanssi_pin_for_all":"","_relevanssi_pin_keywords":"","_relevanssi_unpin_keywords":"","_relevanssi_related_keywords":"","_relevanssi_related_include_ids":"","_relevanssi_related_exclude_ids":"","_relevanssi_related_no_append":"","_relevanssi_related_not_related":"","_relevanssi_related_posts":"","_relevanssi_noindex_reason":""},"product_brand":[],"product_cat":[213],"product_tag":[],"class_list":{"0":"post-10134","1":"product","2":"type-product","3":"status-publish","4":"has-post-thumbnail","6":"product_cat-licentiates-dissertations-in-sociology-department-of-sociology","8":"first","9":"instock","10":"taxable","11":"shipping-taxable","12":"purchasable","13":"product-type-simple"},"acf":[],"_links":{"self":[{"href":"https:\/\/www.bokshop.lu.se\/en\/wp-json\/wp\/v2\/product\/10134","targetHints":{"allow":["GET"]}}],"collection":[{"href":"https:\/\/www.bokshop.lu.se\/en\/wp-json\/wp\/v2\/product"}],"about":[{"href":"https:\/\/www.bokshop.lu.se\/en\/wp-json\/wp\/v2\/types\/product"}],"wp:featuredmedia":[{"embeddable":true,"href":"https:\/\/www.bokshop.lu.se\/en\/wp-json\/wp\/v2\/media\/10136"}],"wp:attachment":[{"href":"https:\/\/www.bokshop.lu.se\/en\/wp-json\/wp\/v2\/media?parent=10134"}],"wp:term":[{"taxonomy":"product_brand","embeddable":true,"href":"https:\/\/www.bokshop.lu.se\/en\/wp-json\/wp\/v2\/product_brand?post=10134"},{"taxonomy":"product_cat","embeddable":true,"href":"https:\/\/www.bokshop.lu.se\/en\/wp-json\/wp\/v2\/product_cat?post=10134"},{"taxonomy":"product_tag","embeddable":true,"href":"https:\/\/www.bokshop.lu.se\/en\/wp-json\/wp\/v2\/product_tag?post=10134"}],"curies":[{"name":"wp","href":"https:\/\/api.w.org\/{rel}","templated":true}]}}